{"id":105,"date":"2020-10-12T15:40:07","date_gmt":"2020-10-12T13:40:07","guid":{"rendered":"http:\/\/www.sun-watch.ch\/?page_id=105"},"modified":"2025-05-22T19:15:48","modified_gmt":"2025-05-22T17:15:48","slug":"materialisierung","status":"publish","type":"page","link":"https:\/\/www.sun-watch.ch\/?page_id=105","title":{"rendered":"Realisierung + erste Erfahrungen"},"content":{"rendered":"\n<p style=\"font-size:24px\"><strong>Realisierung der Sonnenuhr<\/strong><\/p>\n\n\n\n<p><strong>Den folgenden Punkten wurde bei der Realisierung der Sonnenuhr grosse Bedeutung zugemessen:<\/strong><\/p>\n\n\n\n<p><b><ul><li>\u00c4sthetik: Die Sonnenuhr soll sich als eine Zierde in die Umgebung unsers Hauses einf\u00fcgen <li>Ablesbarkeit der Zeit: F\u00fcr Jedermann soll es leicht verst\u00e4ndlich sein, wie die Zeit abzulesen ist <li>Ganzjahres Wetterfestigkeit: Das zu verwendende Material soll es erlauben, die Uhr das ganze Jahr an ihrem Standplatz zu belassen<\/ul><\/b> <\/p>\n\n\n\n<p><strong>Als Aufbaumaterial wurde Acrylglas verwendet, um zu verhindern, dass die Uhr als Ganzes zu gewichtig wirkt. Dominant sollten die Maske und das Zifferblatt wirken.<\/strong><\/p>\n\n\n\n<p><strong>Die Maske besteht aus 1 mm Messingblech. Die L\u00f6cher und die Schrift wurde von einer spezialisierten Firma mittels Hochdruck-Wasserstrahl ausgeschnitten.<\/strong> <strong>Als Schrift musste eine gew\u00e4hlt werden, die sich zum Ausschneiden eignet, damit nicht Teile (z.B. das Innere von 0) herausfallen. Zum Schutz vor Korrosion wurde das Messing von einer Spezialfirma behandelt.<\/strong><\/p>\n\n\n\n<figure class=\"wp-block-image size-large is-resized\"><img loading=\"lazy\" decoding=\"async\" width=\"1024\" height=\"254\" src=\"https:\/\/www.sun-watch.ch\/wp-content\/uploads\/2020\/10\/Maske_40_3_LaserCut-1024x254.jpg\" alt=\"\" class=\"wp-image-262\" style=\"width:1449px;height:359px\" srcset=\"https:\/\/www.sun-watch.ch\/wp-content\/uploads\/2020\/10\/Maske_40_3_LaserCut-1024x254.jpg 1024w, https:\/\/www.sun-watch.ch\/wp-content\/uploads\/2020\/10\/Maske_40_3_LaserCut-300x74.jpg 300w, https:\/\/www.sun-watch.ch\/wp-content\/uploads\/2020\/10\/Maske_40_3_LaserCut-768x191.jpg 768w, https:\/\/www.sun-watch.ch\/wp-content\/uploads\/2020\/10\/Maske_40_3_LaserCut-1536x381.jpg 1536w, https:\/\/www.sun-watch.ch\/wp-content\/uploads\/2020\/10\/Maske_40_3_LaserCut-2048x508.jpg 2048w\" sizes=\"auto, (max-width: 1024px) 100vw, 1024px\" \/><figcaption class=\"wp-element-caption\">Fig. 1: Produktionszeichnung f\u00fcr die Maske (eingef\u00e4rbt)<\/figcaption><\/figure>\n\n\n\n<p><strong>Der Radius R des Kreisbogens, um den die Maske gekr\u00fcmmt ist, skaliert die Gr\u00f6sse der Sonnenuhr. Mit R = 20 cm wird die Zifferblatt-Skala mit Beschriftung etwa 40 cm lang, sodass diese auf einem A3-Format dargestellt werden kann. Das Zifferblatt haben wir auf einem Computer berechnet, auf Papier ausgedruckt und dann laminiert. Die Laminat-Folie ist 250 \u03bcm dick, sodass die Lichtbrechung noch keine Rolle spielt.<\/strong><\/p>\n\n\n\n<br>\n\n\n\n<p style=\"font-size:24px\"><strong>Erste Erfahrungen<\/strong><\/p>\n\n\n\n<p><strong>Es ist erfreulich, dass sich die Sonne bisher strikt an die Berechnungen h\u00e4lt.<\/strong><\/p>\n\n\n\n<p><strong>Urspr\u00fcnglich war vorgesehen, die verschiedenen L\u00f6cher der Maske mit Transparentfolien in den Farben der zugeh\u00f6rigen Linien auf der Minuten-Skala zu versehen, um dem Betrachter zu erleichtern, die Zeit genau (d.h. auf der jeweiligen Farblinie) abzulesen. Dies hat sich nicht bew\u00e4hrt, da die Farbpunkte auf dem Zifferblatt zu wenig zur Geltung kamen. Wir haben deshalb darauf verzichtet und daf\u00fcr den Umfang der Minutenskala von urspr\u00fcnglich 90 Minuten (von -15 min. bis +1h15) auf 60 Minuten beschr\u00e4nkt (<a href=\"https:\/\/www.sun-watch.ch#video\">s. Video<\/a>). Dadurch k\u00f6nnen die einzelnen Linien leichter der aktuellen Stundenanzeige zugeordnet werden. Eine Legende gibt Auskunft \u00fcber die Farbzuteilung.<\/strong><\/p>\n\n\n\n<p><strong>Die Bezeichnungen &#171;Sommer-Zeit&#187; und &#171;Winter-Zeit&#187; auf der Maske sind leider etwas zu klein. Sie werden bei vielen Beleuchtungs-Situationen (in Abh\u00e4ngigkeit vom Wasserdampf in der Atmosph\u00e4re) zu unscharf projiziert, sodass man den Text nicht lesen kann.<\/strong><\/p>\n\n\n\n<p><strong>Bisher bew\u00e4hrt sich Acrylglas als Tr\u00e4germaterial. Einzig die Grundplatte, die auf einem Eisensockel aufliegt, hat durch Rostbildung etwas gelitten <\/strong>(Der Eisensockel ist so konzipiert, dass er mit der Zeit Rost ansetzen soll, ebenso wie andere Metall-Gegenst\u00e4nde (ein Brunnen, Hochbeete etc.) in unserem Garten). <strong>Inzwischen haben wir zwischen der Grundplatte und dem Sockel eine Isolierebene eingef\u00fcgt.<\/strong><\/p>\n\n\n\n<p><strong>Die auf Papier gedruckten und danach laminierten Zifferbl\u00e4tter haben sich nicht bew\u00e4hrt. Bei kalter Witterung hat sich zwischen dem laminierten Papier und dem Acrylglas kondensiertes Wasser mittels Kapillarwirkung verteilt. Eine Druckerei hat uns die Zifferblatt-Skalen auf Dibond-Platten (beschichtete Aluminium-Hartschaum-Verbundplatten) gedruckt. Die Distanz zwischen Maske und Zifferblatt wird so um die Plattendicke von 3 mm reduziert<\/strong>:<\/p>\n\n\n\n<figure class=\"wp-block-image size-large is-style-default\"><img loading=\"lazy\" decoding=\"async\" width=\"1024\" height=\"724\" src=\"https:\/\/www.sun-watch.ch\/wp-content\/uploads\/2020\/11\/Beide_Skalen_m_Platte-1024x724.jpg\" alt=\"\" class=\"wp-image-359\" srcset=\"https:\/\/www.sun-watch.ch\/wp-content\/uploads\/2020\/11\/Beide_Skalen_m_Platte-1024x724.jpg 1024w, https:\/\/www.sun-watch.ch\/wp-content\/uploads\/2020\/11\/Beide_Skalen_m_Platte-300x212.jpg 300w, https:\/\/www.sun-watch.ch\/wp-content\/uploads\/2020\/11\/Beide_Skalen_m_Platte-768x543.jpg 768w, https:\/\/www.sun-watch.ch\/wp-content\/uploads\/2020\/11\/Beide_Skalen_m_Platte-1536x1086.jpg 1536w, https:\/\/www.sun-watch.ch\/wp-content\/uploads\/2020\/11\/Beide_Skalen_m_Platte-2048x1448.jpg 2048w\" sizes=\"auto, (max-width: 1024px) 100vw, 1024px\" \/><figcaption class=\"wp-element-caption\">Fig. 2: Zifferblatt-Skalen unter Ber\u00fccksichtigung der Dibond-Plattendicke (3 mm)<\/figcaption><\/figure>\n\n\n\n<p><strong>Im Unterschied zur <a href=\"https:\/\/www.sun-watch.ch\/?page_id=104#Berechnung1\">urspr\u00fcnglichen Berechnung<\/a> sind die Kurven zu den verschiedenen L\u00f6cher nicht mehr auf die Mitte (Zentrum 21. M\u00e4rz \/ 23. Sept.) fokussiert. Daf\u00fcr sind an Tagen mit gr\u00f6sseren Abweichungen, diese etwas kleiner geworden.<\/strong><\/p>\n\n\n\n<br>\n\n\n\n<p style=\"font-size:24px\"><strong>Dank<\/strong><\/p>\n\n\n\n<p><strong>Bruno Bauen  von der Firma Kr\u00e4uchi und Bauen, 3053 Wiggiswil hat uns bei der mechanischen Realisierung der Sonnenuhr sehr geholfen. Ein herzliches Danke an alle, die mitgeholfen haben.<\/strong><\/p>\n\n\n<div class=\"wp-block-image is-style-rounded\">\n<figure class=\"alignright size-large is-resized\"><a href=\"https:\/\/www.sun-watch.ch\/\"><img loading=\"lazy\" decoding=\"async\" width=\"300\" height=\"82\" src=\"https:\/\/www.sun-watch.ch\/wp-content\/uploads\/2020\/11\/zurueck.jpg\" alt=\"\" class=\"wp-image-334\" style=\"width:150px\"\/><\/a><figcaption class=\"wp-element-caption\">Einleitung<\/figcaption><\/figure><\/div>\n\n\n<figure class=\"wp-block-image size-large\"><img loading=\"lazy\" decoding=\"async\" width=\"1024\" height=\"77\" src=\"https:\/\/www.sun-watch.ch\/wp-content\/uploads\/2025\/05\/Impressum-Wiederhergestellt-1024x77.jpg\" alt=\"\" class=\"wp-image-453\" srcset=\"https:\/\/www.sun-watch.ch\/wp-content\/uploads\/2025\/05\/Impressum-Wiederhergestellt-1024x77.jpg 1024w, https:\/\/www.sun-watch.ch\/wp-content\/uploads\/2025\/05\/Impressum-Wiederhergestellt-300x23.jpg 300w, https:\/\/www.sun-watch.ch\/wp-content\/uploads\/2025\/05\/Impressum-Wiederhergestellt-768x58.jpg 768w, https:\/\/www.sun-watch.ch\/wp-content\/uploads\/2025\/05\/Impressum-Wiederhergestellt-1536x115.jpg 1536w, https:\/\/www.sun-watch.ch\/wp-content\/uploads\/2025\/05\/Impressum-Wiederhergestellt.jpg 2000w\" sizes=\"auto, (max-width: 1024px) 100vw, 1024px\" \/><\/figure>\n","protected":false},"excerpt":{"rendered":"<p>Realisierung der Sonnenuhr Den folgenden Punkten wurde bei der Realisierung der Sonnenuhr grosse Bedeutung zugemessen: \u00c4sthetik: Die Sonnenuhr soll sich als eine Zierde in die Umgebung unsers Hauses einf\u00fcgen Ablesbarkeit der Zeit: F\u00fcr Jedermann soll es leicht verst\u00e4ndlich sein, wie die Zeit abzulesen ist Ganzjahres Wetterfestigkeit: Das zu verwendende Material soll es erlauben, die Uhr [&hellip;]<\/p>\n","protected":false},"author":1,"featured_media":0,"parent":0,"menu_order":0,"comment_status":"closed","ping_status":"closed","template":"","meta":{"footnotes":""},"class_list":["post-105","page","type-page","status-publish","hentry"],"_links":{"self":[{"href":"https:\/\/www.sun-watch.ch\/index.php?rest_route=\/wp\/v2\/pages\/105","targetHints":{"allow":["GET"]}}],"collection":[{"href":"https:\/\/www.sun-watch.ch\/index.php?rest_route=\/wp\/v2\/pages"}],"about":[{"href":"https:\/\/www.sun-watch.ch\/index.php?rest_route=\/wp\/v2\/types\/page"}],"author":[{"embeddable":true,"href":"https:\/\/www.sun-watch.ch\/index.php?rest_route=\/wp\/v2\/users\/1"}],"replies":[{"embeddable":true,"href":"https:\/\/www.sun-watch.ch\/index.php?rest_route=%2Fwp%2Fv2%2Fcomments&post=105"}],"version-history":[{"count":24,"href":"https:\/\/www.sun-watch.ch\/index.php?rest_route=\/wp\/v2\/pages\/105\/revisions"}],"predecessor-version":[{"id":462,"href":"https:\/\/www.sun-watch.ch\/index.php?rest_route=\/wp\/v2\/pages\/105\/revisions\/462"}],"wp:attachment":[{"href":"https:\/\/www.sun-watch.ch\/index.php?rest_route=%2Fwp%2Fv2%2Fmedia&parent=105"}],"curies":[{"name":"wp","href":"https:\/\/api.w.org\/{rel}","templated":true}]}}