{"id":378,"date":"2021-03-08T11:08:40","date_gmt":"2021-03-08T10:08:40","guid":{"rendered":"http:\/\/www.sun-watch.ch\/?page_id=378"},"modified":"2021-03-08T18:03:09","modified_gmt":"2021-03-08T17:03:09","slug":"audioguide","status":"publish","type":"page","link":"https:\/\/www.sun-watch.ch\/?page_id=378","title":{"rendered":"Audioguide"},"content":{"rendered":"\n<p><strong>Erkl\u00e4rungen zur halb-digitalen Sonnenuhr<\/strong><\/p>\n\n\n\n<p>Falls der Ton nicht automatisch startet, so dr\u00fccken sie bitte auf den untenstehenden Pfeil<\/p>\n\n\n\n<figure class=\"wp-block-audio\"><audio controls src=\"https:\/\/www.sun-watch.ch\/wp-content\/uploads\/2021\/03\/Audioguide-Sonnenuhr-Koeniz.mp3\" autoplay preload=\"auto\"><\/audio><\/figure>\n\n\n\n<p>Weitergehende Informationen zur halb-digitalen Sonnenuhr k\u00f6nnen Sie auf der Internetseite <strong><a href=\"https:\/\/www.sun-watch.ch\" target=\"_blank\" rel=\"noreferrer noopener\">www.sun-watch.ch<\/a><\/strong>  nachlesen.<\/p>\n","protected":false},"excerpt":{"rendered":"<p>Erkl\u00e4rungen zur halb-digitalen Sonnenuhr Falls der Ton nicht automatisch startet, so dr\u00fccken sie bitte auf den untenstehenden Pfeil Weitergehende Informationen zur halb-digitalen Sonnenuhr k\u00f6nnen Sie auf der Internetseite www.sun-watch.ch nachlesen.<\/p>\n","protected":false},"author":1,"featured_media":0,"parent":0,"menu_order":0,"comment_status":"closed","ping_status":"closed","template":"","meta":{"footnotes":""},"class_list":["post-378","page","type-page","status-publish","hentry"],"_links":{"self":[{"href":"https:\/\/www.sun-watch.ch\/index.php?rest_route=\/wp\/v2\/pages\/378","targetHints":{"allow":["GET"]}}],"collection":[{"href":"https:\/\/www.sun-watch.ch\/index.php?rest_route=\/wp\/v2\/pages"}],"about":[{"href":"https:\/\/www.sun-watch.ch\/index.php?rest_route=\/wp\/v2\/types\/page"}],"author":[{"embeddable":true,"href":"https:\/\/www.sun-watch.ch\/index.php?rest_route=\/wp\/v2\/users\/1"}],"replies":[{"embeddable":true,"href":"https:\/\/www.sun-watch.ch\/index.php?rest_route=%2Fwp%2Fv2%2Fcomments&post=378"}],"version-history":[{"count":6,"href":"https:\/\/www.sun-watch.ch\/index.php?rest_route=\/wp\/v2\/pages\/378\/revisions"}],"predecessor-version":[{"id":389,"href":"https:\/\/www.sun-watch.ch\/index.php?rest_route=\/wp\/v2\/pages\/378\/revisions\/389"}],"wp:attachment":[{"href":"https:\/\/www.sun-watch.ch\/index.php?rest_route=%2Fwp%2Fv2%2Fmedia&parent=378"}],"curies":[{"name":"wp","href":"https:\/\/api.w.org\/{rel}","templated":true}]}}