{"id":60,"date":"2020-10-11T15:21:18","date_gmt":"2020-10-11T13:21:18","guid":{"rendered":"http:\/\/www.sun-watch.ch\/?page_id=60"},"modified":"2025-05-22T19:07:59","modified_gmt":"2025-05-22T17:07:59","slug":"geometrie","status":"publish","type":"page","link":"https:\/\/www.sun-watch.ch\/?page_id=60","title":{"rendered":"Geometrie der halb-digitalen Sonnenuhr"},"content":{"rendered":"\n<p style=\"font-size:24px\"><strong>Die Ausrichtung der Sonnenuhr<\/strong><\/p>\n\n\n\n<p><font _mstmutation=\"1\" _msthash=\"1011856\" _msttexthash=\"109971498\"><strong _mstmutation=\"1\">Aus Symmetriegr\u00fcnden richten wir die Projektionsebene (in der Folge nennen wir diese Zifferblatt) so aus, dass diese im Fr\u00fchjahrspunkt (21. M\u00e4rz) und im Herbstpunkt (23. September) um 12 Uhr Sonnenzeit (SZ) senkrecht zur Strahlrichtung steht. Dies ist dann erf\u00fcllt, wenn das Zifferblatt gegen\u00fcber einer horizontalen Ebene einen Winkel von 46,926<\/strong><sup _mstmutation=\"1\">o<\/sup><strong _mstmutation=\"1\" _msthash=\"8115640\" _msttexthash=\"1929928\"> einschliesst (die Sonnenuhr befindet sich auf dem 46.926<\/strong><\/font><strong><sup>o<\/sup>&#8211;<\/strong><font _mstmutation=\"1\" _msthash=\"1011856\" _msttexthash=\"109971498\"><strong _mstmutation=\"1\" _msthash=\"8115640\" _msttexthash=\"8115640\">Breitenkreis)  und die Sonnenuhr gegen S\u00fcden ausgerichtet ist (s. Fig. 1).<\/strong><\/font><\/p>\n\n\n<div class=\"wp-block-image\">\n<figure class=\"aligncenter size-large\"><img loading=\"lazy\" decoding=\"async\" width=\"1024\" height=\"663\" src=\"https:\/\/www.sun-watch.ch\/wp-content\/uploads\/2020\/10\/Geometrie_Sonnenuhr-1024x663.jpg\" alt=\"\" class=\"wp-image-160\" srcset=\"https:\/\/www.sun-watch.ch\/wp-content\/uploads\/2020\/10\/Geometrie_Sonnenuhr-1024x663.jpg 1024w, https:\/\/www.sun-watch.ch\/wp-content\/uploads\/2020\/10\/Geometrie_Sonnenuhr-300x194.jpg 300w, https:\/\/www.sun-watch.ch\/wp-content\/uploads\/2020\/10\/Geometrie_Sonnenuhr-768x497.jpg 768w, https:\/\/www.sun-watch.ch\/wp-content\/uploads\/2020\/10\/Geometrie_Sonnenuhr-1536x995.jpg 1536w, https:\/\/www.sun-watch.ch\/wp-content\/uploads\/2020\/10\/Geometrie_Sonnenuhr-2048x1326.jpg 2048w\" sizes=\"auto, (max-width: 1024px) 100vw, 1024px\" \/><figcaption class=\"wp-element-caption\">Fig. 1: Ausrichtung der Sonnenuhr gegen S\u00fcden und entsprechend dem Breitenkreis<\/figcaption><\/figure><\/div>\n\n\n<br>\n\n\n\n<p style=\"font-size:24px\"><strong>Anordnung der L\u00f6cher f\u00fcr 9 Uhr SZ bis 15 Uhr SZ<\/strong><\/p>\n\n\n\n<p> <font _mstmutation=\"1\" _msthash=\"1117484\" _msttexthash=\"265685043\"><strong _mstmutation=\"1\">Wir gehen vom <strong>Loch<\/strong><\/strong> <strong _mstmutation=\"1\">12 Uhr SZ (S<\/strong><\/font><font _mstmutation=\"1\" _msthash=\"1117484\" _msttexthash=\"264854811\"><strong _mstmutation=\"1\">Z<\/strong><\/font><font _mstmutation=\"1\" _msthash=\"1117484\" _msttexthash=\"265685043\"><strong _mstmutation=\"1\">=Sonnenzeit) aus und m\u00f6chten auf dem Zifferblatt eine 15-Minuten-Skala. In 15 Minuten \u00fcberstreicht die Sonne einen Winkel von 3.75<sup>o<\/sup>. Damit ist die Skala festgelegt (s. Fig. 2). Es stellt sich nun die Frage, wie wir die \u00fcbrigen L\u00f6cher anordnen m\u00fcssen, damit wir dieselbe Skala f\u00fcr die \u00fcbrigen L\u00f6cher nutzen k\u00f6nnen.  Hierzu m\u00fcssen die L\u00f6cher einerseits auf Geraden liegen, die zur Senkrechten im Punkt M00 (s. Fig. 2) einen Winkel von n * 15<sup>o<\/sup> ( n = +\/- 1,  +\/- 2, +\/- 3) einschliessen. Andererseits sollten bei jedem Loch die Strahlen, die durch die Punkte M-30 und M+30 gehen einen Winkel von 15<sup>o<\/sup> (60 Minuten Sonnenbewegung) und die Strahlen, die durch die Punkte M-15 und M+15 gehen einen Winkel von 7.5<sup>o<\/sup> (30 Minuten Sonnenbewegung) einschliessen.  <\/strong><\/font><\/p>\n\n\n<div class=\"wp-block-image\">\n<figure class=\"aligncenter size-large\"><img loading=\"lazy\" decoding=\"async\" width=\"1024\" height=\"895\" src=\"https:\/\/www.sun-watch.ch\/wp-content\/uploads\/2020\/10\/Geometrie_Sonnenuhr_Zeichnung-1024x895.jpg\" alt=\"\" class=\"wp-image-163\" srcset=\"https:\/\/www.sun-watch.ch\/wp-content\/uploads\/2020\/10\/Geometrie_Sonnenuhr_Zeichnung-1024x895.jpg 1024w, https:\/\/www.sun-watch.ch\/wp-content\/uploads\/2020\/10\/Geometrie_Sonnenuhr_Zeichnung-300x262.jpg 300w, https:\/\/www.sun-watch.ch\/wp-content\/uploads\/2020\/10\/Geometrie_Sonnenuhr_Zeichnung-768x671.jpg 768w, https:\/\/www.sun-watch.ch\/wp-content\/uploads\/2020\/10\/Geometrie_Sonnenuhr_Zeichnung.jpg 1354w\" sizes=\"auto, (max-width: 1024px) 100vw, 1024px\" \/><figcaption class=\"wp-element-caption\">Fig. 2: Ortsbogen 7.5<sup>o<\/sup> und 15<sup>o<\/sup> im Vergleich zur Geometrie der Maske<\/figcaption><\/figure><\/div>\n\n\n<p><strong _msthash=\"64772214\" _msttexthash=\"64772214\">Diese zweite Bedingung entspricht dem geometrischen Ortsbogen (manchmal auch Fasskreisbogen genannt): &#171;Der Ortsbogen ist der Ort aller Punkte<\/strong><font _mstmutation=\"1\" _msthash=\"4013\" _msttexthash=\"4004\">,<\/font><strong _msthash=\"64772214\" _msttexthash=\"64772214\"><font _mstmutation=\"1\" _msthash=\"13585703\" _msttexthash=\"13585702\"> von denen aus man eine Sehne unter gleichem Winkel sieht.&#187; Der Kreis, der durch das Loch 12 Uhr SZ und die Punkte M-30 und M+30 bestimmt wird, bildet den Ortsbogen f\u00fcr 15<\/font><font _mstmutation=\"1\" _msthash=\"1634088\" _msttexthash=\"10465\"><sup>o<\/sup> <\/font><font _mstmutation=\"1\" _msthash=\"1634088\" _msttexthash=\"10101\"> <\/font><font _mstmutation=\"1\" _msthash=\"1634088\" _msttexthash=\"1634087\">(<\/font><font _mstmutation=\"1\" _msthash=\"1634088\" _msttexthash=\"1573429\">in Fig. 2 gr\u00fcn dargestellt) und der Kreis durch das<\/font><\/strong><strong> Loch 12 Uhr SZ und die Punkte M-15 und M+15 gebildet wird (in Fig. 2 violett dargestellt) bildet den Ortsbogen f\u00fcr 7.5<sup>o<\/sup>. Die beiden Ortsbogen sind nicht identisch, was bedeutet, dass eine mathematisch exakte L\u00f6sung nicht existiert. Bei der realen Sonnenuhr w\u00e4hlen wir f\u00fcr die Maske einen Halbkreis mit dem Radius  R und positionieren diesen um den Betrag R oberhalb des Zifferblattes<\/strong> [das Zifferblatt als Tangente an den Kreis mit Radius R = Grenzwert f\u00fcr immer kleinere Winkel]<\/p>\n\n\n\n<p><strong>Fig. 2 zeigt uns, dass die gew\u00e4hlte Geometrie der Maske eine  gute N\u00e4herung an die gew\u00fcnschten Eigenschaften bildet. Bei der Berechnung des Zifferblattes wird die reale Geometrie eingesetzt, sodass die berechneten Skalen die &#171;Unexaktheiten&#187; unserer N\u00e4herung enthalten.<\/strong> <strong>Da die Abweichungen der Ortsbogen vom gew\u00e4hlten Masken-Kreis bei 9 Uhr SZ und bei 15 Uhr SZ am gr\u00f6ssten ist, m\u00fcssen wir erwarten, dass bei diesen Zeiten die Abweichungen von der 12 Uhr SZ &#8211; Skala am gr\u00f6ssten sind. Die Mitber\u00fccksichtigung der Zeitgleichung f\u00fchrt dazu, dass die Abweichungen asymmetrisch sind.<\/strong><\/p>\n\n\n<div class=\"wp-block-image is-style-rounded\">\n<figure class=\"alignright size-large is-resized\"><a href=\"https:\/\/www.sun-watch.ch\/?page_id=104\"><img loading=\"lazy\" decoding=\"async\" width=\"300\" height=\"82\" src=\"https:\/\/www.sun-watch.ch\/wp-content\/uploads\/2020\/11\/Weiter-1.jpg\" alt=\"\" class=\"wp-image-336\" style=\"width:150px\"\/><\/a><figcaption class=\"wp-element-caption\">Zifferblatt berechnen<\/figcaption><\/figure><\/div>\n\n\n<figure class=\"wp-block-image size-large\"><img loading=\"lazy\" decoding=\"async\" width=\"1024\" height=\"77\" src=\"https:\/\/www.sun-watch.ch\/wp-content\/uploads\/2025\/05\/Impressum-Wiederhergestellt-1024x77.jpg\" alt=\"\" class=\"wp-image-453\" srcset=\"https:\/\/www.sun-watch.ch\/wp-content\/uploads\/2025\/05\/Impressum-Wiederhergestellt-1024x77.jpg 1024w, https:\/\/www.sun-watch.ch\/wp-content\/uploads\/2025\/05\/Impressum-Wiederhergestellt-300x23.jpg 300w, https:\/\/www.sun-watch.ch\/wp-content\/uploads\/2025\/05\/Impressum-Wiederhergestellt-768x58.jpg 768w, https:\/\/www.sun-watch.ch\/wp-content\/uploads\/2025\/05\/Impressum-Wiederhergestellt-1536x115.jpg 1536w, https:\/\/www.sun-watch.ch\/wp-content\/uploads\/2025\/05\/Impressum-Wiederhergestellt.jpg 2000w\" sizes=\"auto, (max-width: 1024px) 100vw, 1024px\" \/><\/figure>\n","protected":false},"excerpt":{"rendered":"<p>Die Ausrichtung der Sonnenuhr Aus Symmetriegr\u00fcnden richten wir die Projektionsebene (in der Folge nennen wir diese Zifferblatt) so aus, dass diese im Fr\u00fchjahrspunkt (21. M\u00e4rz) und im Herbstpunkt (23. September) um 12 Uhr Sonnenzeit (SZ) senkrecht zur Strahlrichtung steht. Dies ist dann erf\u00fcllt, wenn das Zifferblatt gegen\u00fcber einer horizontalen Ebene einen Winkel von 46,926o einschliesst [&hellip;]<\/p>\n","protected":false},"author":1,"featured_media":0,"parent":0,"menu_order":0,"comment_status":"closed","ping_status":"closed","template":"","meta":{"footnotes":""},"class_list":["post-60","page","type-page","status-publish","hentry"],"_links":{"self":[{"href":"https:\/\/www.sun-watch.ch\/index.php?rest_route=\/wp\/v2\/pages\/60","targetHints":{"allow":["GET"]}}],"collection":[{"href":"https:\/\/www.sun-watch.ch\/index.php?rest_route=\/wp\/v2\/pages"}],"about":[{"href":"https:\/\/www.sun-watch.ch\/index.php?rest_route=\/wp\/v2\/types\/page"}],"author":[{"embeddable":true,"href":"https:\/\/www.sun-watch.ch\/index.php?rest_route=\/wp\/v2\/users\/1"}],"replies":[{"embeddable":true,"href":"https:\/\/www.sun-watch.ch\/index.php?rest_route=%2Fwp%2Fv2%2Fcomments&post=60"}],"version-history":[{"count":27,"href":"https:\/\/www.sun-watch.ch\/index.php?rest_route=\/wp\/v2\/pages\/60\/revisions"}],"predecessor-version":[{"id":458,"href":"https:\/\/www.sun-watch.ch\/index.php?rest_route=\/wp\/v2\/pages\/60\/revisions\/458"}],"wp:attachment":[{"href":"https:\/\/www.sun-watch.ch\/index.php?rest_route=%2Fwp%2Fv2%2Fmedia&parent=60"}],"curies":[{"name":"wp","href":"https:\/\/api.w.org\/{rel}","templated":true}]}}